{"id":3169,"date":"2020-05-11T13:25:44","date_gmt":"2020-05-11T13:25:44","guid":{"rendered":"http:\/\/www.stelladellealpi.it\/SDA2020\/la-stella-deu\/"},"modified":"2020-05-11T15:34:29","modified_gmt":"2020-05-11T15:34:29","slug":"la-stella-deu","status":"publish","type":"page","link":"https:\/\/www.stelladellealpi.it\/SDA2020\/de\/la-stella-deu\/","title":{"rendered":"LA STELLA"},"content":{"rendered":"<p>[vc_row][vc_column width=&#8220;6\/12&#8243; css=&#8220;.vc_custom_1467360650255{margin-top: 10px !important;margin-bottom: 10px !important;padding-top: 0px !important;padding-right: 40px !important;}&#8220;]<div style=\"background-color:;height: 10px\" class=\"nicdark_section  \"><\/div> <h1 style=\"color:#727475;padding:px;text-align:right;font-size:40px;line-height:50px;letter-spacing: px;font-weight:normal\" class=\"  nd_options_text_align_center_responsive_important nd_options_first_font \">Seit mehr als 100 Jahren bietet das Hotel Stella delle Alpi seinen G\u00e4sten W\u00e4rme und Leidenschaft. Unsere Geschichte ist das, was Ihren Urlaub im Val di Non unvergesslich machen wird.<\/h1> [\/vc_column][vc_column width=&#8220;3\/12&#8243; css=&#8220;.vc_custom_1467207292391{margin-top: 10px !important;margin-bottom: 10px !important;padding-top: 0px !important;}&#8220;]<div style=\"background-color:;height: 20px\" class=\"nicdark_section  \"><\/div>[vc_column_text el_class=&#8220;nd_options_text_align_center_responsive&#8220;]<span data-offset-key=\"mbcb-0-0\">Der <\/span><span id=\"decorator-ignored-entity-id-7\" data-entity-key=\"7\" data-offset-key=\"mbcb-1-0\"><span data-offset-key=\"mbcb-1-0\">Mendelstra\u00dfe<\/span><\/span><span data-offset-key=\"mbcb-2-0\"> entlang wurde 1913 das Hotel Stella delle <\/span><span id=\"decorator-ignored-entity-id-9\" data-entity-key=\"9\" data-offset-key=\"mbcb-3-0\"><span data-offset-key=\"mbcb-3-0\">Alpi<\/span><\/span><span data-offset-key=\"mbcb-4-0\"> errichtet, die bereits Wien mit Mailand verband. Der Mendelpass war damals ein ber\u00fchmter Gesundheits- und Rastplatz, der sogar von K\u00f6nigsh\u00e4usern der \u00f6sterreichisch-ungarischen Monarchie frequentiert wurde.<\/span>[\/vc_column_text]\n    <div style=\"text-align:center\" class=\"nd_options_section\">\n      <img decoding=\"async\" alt=\"\" style=\"width:100%\" class=\" nd_options_margin_0 nd_options_padding_0 \" src=\"https:\/\/www.stelladellealpi.it\/SDA2020\/wp-content\/uploads\/2019\/11\/Storia1.jpg\">\n    <\/div>\n   <div style=\"background-color:;height: 20px\" class=\"nicdark_section  \"><\/div>[vc_column_text el_class=&#8220;nd_options_text_align_center_responsive&#8220;]In den 70er Jahren \u00fcbernimmt Claudio Battisti das Hotel von seiner Tante und er\u00f6ffnet es wieder. Claudio, bereits der j\u00fcngste Bundesrat in der Geschichte des FISI (Italienischer Wintersportverband), wird auch zweimal B\u00fcrgermeister von Ronzone sein. Der alte Pferdestall wird in den heutigen Speisesaal umgebaut. Die Holzdecke ist noch das Original von 1913.[\/vc_column_text]\n    <div style=\"text-align:center\" class=\"nd_options_section\">\n      <img decoding=\"async\" alt=\"\" style=\"width:100%\" class=\" nd_options_margin_0 nd_options_padding_0 \" src=\"https:\/\/www.stelladellealpi.it\/SDA2020\/wp-content\/uploads\/2019\/11\/Storia3.jpg\">\n    <\/div>\n   <div style=\"background-color:;height: 20px\" class=\"nicdark_section  \"><\/div>[vc_column_text el_class=&#8220;nd_options_text_align_center_responsive&#8220;]<span data-offset-key=\"mbcb-0-0\">Die Familie Battisti erwartet Sie in <\/span><span id=\"decorator-ignored-entity-id-23\" data-entity-key=\"23\" data-offset-key=\"mbcb-1-0\"><span data-offset-key=\"mbcb-1-0\">Ronzone<\/span><\/span><span data-offset-key=\"mbcb-2-0\">, um Ihnen die Einzelheiten unserer langen Geschichte zu erz\u00e4hlen, Ihnen unser sch\u00f6nes Tal zu zeigen, Sie die Produkte unseres Landes probieren zu lassen und Ihnen einen herrlichen Urlaub zwischen den <\/span><span id=\"decorator-ignored-entity-id-25\" data-entity-key=\"25\" data-offset-key=\"mbcb-3-0\"><span data-offset-key=\"mbcb-3-0\">Brenta-Dolomiten<\/span><\/span><span data-offset-key=\"mbcb-4-0\"> und der sauberen Luft der Mendelw\u00e4lder zu bieten!<\/span>[\/vc_column_text][\/vc_column][vc_column width=&#8220;3\/12&#8243; css=&#8220;.vc_custom_1467207298589{margin-top: 10px !important;margin-bottom: 10px !important;padding-top: 0px !important;}&#8220;]<div style=\"background-color:;height: 20px\" class=\"nicdark_section  \"><\/div>[vc_column_text el_class=&#8220;nd_options_text_align_center_responsive&#8220;]Von den 1920er Jahren bis in die zweite Nachkriegszeit wurde die Stella dank ihrer dominanten Lage mit Blick auf das herrliche Panorama des Val di Non zum bevorzugten Ort, an dem Reisende Halt machten, um sich von ihrer Reise zu erfrischen, und an dem sich die Einwohner und Urlauber von Ronzone zu Erfrischungen und Gesellschaft trafen.[\/vc_column_text]\n    <div style=\"text-align:center\" class=\"nd_options_section\">\n      <img decoding=\"async\" alt=\"\" style=\"width:100%\" class=\" nd_options_margin_0 nd_options_padding_0 \" src=\"https:\/\/www.stelladellealpi.it\/SDA2020\/wp-content\/uploads\/2019\/11\/Storia2.jpg\">\n    <\/div>\n   <div style=\"background-color:;height: 20px\" class=\"nicdark_section  \"><\/div>[vc_column_text el_class=&#8220;nd_options_text_align_center_responsive&#8220;]Seitdem wurde die Struktur mehrmals erweitert, modifiziert und renoviert, mit der Hinzuf\u00fcgung eines Swimmingpools und eines Wellness-Zentrums, der Er\u00f6ffnung des privaten Gartens mit Blick auf die Brenta-Dolomiten, dem Bau von 8 wundersch\u00f6nen Junior-Suiten. Was sich nicht ge\u00e4ndert hat, ist das Prinzip des Willkommens und der Entspannung, das die Familie Battisti glaubt, dass ein echter Bergurlaub bieten sollte.[\/vc_column_text]\n    <div style=\"text-align:center\" class=\"nd_options_section\">\n      <img decoding=\"async\" alt=\"\" style=\"width:100%\" class=\" nd_options_margin_0 nd_options_padding_0 \" src=\"https:\/\/www.stelladellealpi.it\/SDA2020\/wp-content\/uploads\/2019\/11\/Storia4.jpg\">\n    <\/div>\n   [\/vc_column][\/vc_row][vc_row full_width=&#8220;stretch_row&#8220; parallax=&#8220;content-moving&#8220; parallax_image=&#8220;1753&#8243; css=&#8220;.vc_custom_1574706038775{margin-top: 60px !important;padding-top: 100px !important;padding-bottom: 100px !important;}&#8220; el_class=&#8220;nd_options_vc_parallax_filter_2_2&#8243;][vc_column width=&#8220;8\/12&#8243;]\n\n\n    <div class=\"nd_options_section nd_options_position_relative nd_options_service_about_l5\">\n        <img decoding=\"async\" alt=\"\" class=\"nd_options_position_absolute nd_options_left_0\" width=\"55\" src=\"\">\n        <div class=\"nd_options_section nd_options_padding_left_80 nd_options_box_sizing_border_box\">\n            <h1 class=\"nd_options_font_size_40 nd_options_line_height_50\" style=\"color:#ffffff\"><strong>Eine Familie zu sein<br \/>\nist unsere St\u00e4rke<\/strong><\/h1>\n        <\/div>\n    <\/div>\n\n\n  <div style=\"background-color:;height: 70px\" class=\"nicdark_section  \"><\/div>[vc_row_inner][vc_column_inner width=&#8220;1\/4&#8243; css=&#8220;.vc_custom_1469630269458{padding-top: 10px !important;padding-bottom: 10px !important;}&#8220;]<h1 style=\"text-align:center;color:#ffffff;font-size:50px\" class=\" nd_options_counter_component_l1 nd_options_font_weight_bolder nd_options_counter  \" data-to=\"8\" data-speed=\"1000\">8<\/h1><div style=\"background-color:;height: 20px\" class=\"nicdark_section  \"><\/div> <p style=\"color:#ffffff;padding:px;text-align:center;font-size:15px;line-height:30px;letter-spacing: 2px;font-weight:lighter\" class=\"   nd_options_second_font \">SUITE<\/p> [\/vc_column_inner][vc_column_inner width=&#8220;1\/4&#8243; css=&#8220;.vc_custom_1469630276028{padding-top: 10px !important;padding-bottom: 10px !important;}&#8220;]<h1 style=\"text-align:center;color:#ffffff;font-size:50px\" class=\" nd_options_counter_component_l1 nd_options_font_weight_bolder nd_options_counter  \" data-to=\"50\" data-speed=\"1000\">50<\/h1><div style=\"background-color:;height: 20px\" class=\"nicdark_section  \"><\/div> <p style=\"color:#ffffff;padding:px;text-align:center;font-size:15px;line-height:30px;letter-spacing: 2px;font-weight:lighter\" class=\"   nd_options_second_font \">ZIMMER<\/p> [\/vc_column_inner][vc_column_inner width=&#8220;1\/4&#8243; css=&#8220;.vc_custom_1469630283566{padding-top: 10px !important;padding-bottom: 10px !important;}&#8220;]<h1 style=\"text-align:center;color:#ffffff;font-size:50px\" class=\" nd_options_counter_component_l1 nd_options_font_weight_bolder nd_options_counter  \" data-to=\"10\" data-speed=\"1000\">10<\/h1><div style=\"background-color:;height: 20px\" class=\"nicdark_section  \"><\/div> <p style=\"color:#ffffff;padding:px;text-align:center;font-size:15px;line-height:30px;letter-spacing: 2px;font-weight:lighter\" class=\"   nd_options_second_font \">MITARBEITER<\/p> [\/vc_column_inner][vc_column_inner width=&#8220;1\/4&#8243; css=&#8220;.vc_custom_1469630289168{padding-top: 10px !important;padding-bottom: 10px !important;}&#8220;]<h1 style=\"text-align:center;color:#ffffff;font-size:50px\" class=\" nd_options_counter_component_l1 nd_options_font_weight_bolder nd_options_counter  \" data-to=\"8000\" data-speed=\"1000\">8000<\/h1><div style=\"background-color:;height: 20px\" class=\"nicdark_section  \"><\/div> <p style=\"color:#ffffff;padding:px;text-align:center;font-size:15px;line-height:30px;letter-spacing: 2px;font-weight:lighter\" class=\"   nd_options_second_font \">QM<\/p> [\/vc_column_inner][\/vc_row_inner][\/vc_column][vc_column width=&#8220;4\/12&#8243;][\/vc_column][\/vc_row][vc_row css=&#8220;.vc_custom_1492510780167{margin-top: 30px !important;}&#8220;][vc_column width=&#8220;1\/3&#8243;]<div style=\"background-color:;height: 10px\" class=\"nicdark_section  \"><\/div>\n\n  <!--START team-->\n  <div class=\" nd_options_team_component_l5 nd_options_section nd_options_box_sizing_border_box  \">    \n    <div class=\"nd_options_section nd_options_position_relative\">\n\n      <img decoding=\"async\" alt=\"\" class=\"nd_options_section\" src=\"https:\/\/www.stelladellealpi.it\/SDA2020\/wp-content\/uploads\/2019\/11\/ristorantesquare.jpg\">\n\n      <div class=\"nd_options_bg_greydark_alpha_gradient_3 nd_options_position_absolute nd_options_left_0 nd_options_height_100_percentage nd_options_width_100_percentage nd_options_box_sizing_border_box\">\n        <div class=\"nd_options_position_absolute nd_options_bottom_30 nd_options_width_100_percentage nd_options_padding_botttom_0 nd_options_padding_50 nd_options_box_sizing_border_box nd_options_text_align_center\">\n          <h3 class=\"nd_options_color_white\">RESTAURANT<\/h3>\n          <div class=\"nd_options_section nd_options_height_10\"><\/div>\n          <h6 class=\"nd_options_color_white\"><strong>DELIKATESSEN AUS TRENTINO<\/strong><\/h6>\n        <\/div>\n      <\/div>\n\n    <\/div>\n  <\/div>\n  <!--END team-->\n<div style=\"background-color:;height: 10px\" class=\"nicdark_section  \"><\/div>[\/vc_column][vc_column width=&#8220;1\/3&#8243;]<div style=\"background-color:;height: 10px\" class=\"nicdark_section  \"><\/div>\n\n  <!--START team-->\n  <div class=\" nd_options_team_component_l5 nd_options_section nd_options_box_sizing_border_box  \">    \n    <div class=\"nd_options_section nd_options_position_relative\">\n\n      <img decoding=\"async\" alt=\"\" class=\"nd_options_section\" src=\"https:\/\/www.stelladellealpi.it\/SDA2020\/wp-content\/uploads\/2019\/11\/wellness-1.jpg\">\n\n      <div class=\"nd_options_bg_greydark_alpha_gradient_3 nd_options_position_absolute nd_options_left_0 nd_options_height_100_percentage nd_options_width_100_percentage nd_options_box_sizing_border_box\">\n        <div class=\"nd_options_position_absolute nd_options_bottom_30 nd_options_width_100_percentage nd_options_padding_botttom_0 nd_options_padding_50 nd_options_box_sizing_border_box nd_options_text_align_center\">\n          <h3 class=\"nd_options_color_white\">SPA &amp; WELLNESS<\/h3>\n          <div class=\"nd_options_section nd_options_height_10\"><\/div>\n          <h6 class=\"nd_options_color_white\"><strong>T\u00c4GLICH ENTSPANNEN<\/strong><\/h6>\n        <\/div>\n      <\/div>\n\n    <\/div>\n  <\/div>\n  <!--END team-->\n<div style=\"background-color:;height: 10px\" class=\"nicdark_section  \"><\/div>[\/vc_column][vc_column width=&#8220;1\/3&#8243;]<div style=\"background-color:;height: 10px\" class=\"nicdark_section  \"><\/div>\n\n  <!--START team-->\n  <div class=\" nd_options_team_component_l5 nd_options_section nd_options_box_sizing_border_box  \">    \n    <div class=\"nd_options_section nd_options_position_relative\">\n\n      <img decoding=\"async\" alt=\"\" class=\"nd_options_section\" src=\"https:\/\/www.stelladellealpi.it\/SDA2020\/wp-content\/uploads\/2019\/11\/bar.jpg\">\n\n      <div class=\"nd_options_bg_greydark_alpha_gradient_3 nd_options_position_absolute nd_options_left_0 nd_options_height_100_percentage nd_options_width_100_percentage nd_options_box_sizing_border_box\">\n        <div class=\"nd_options_position_absolute nd_options_bottom_30 nd_options_width_100_percentage nd_options_padding_botttom_0 nd_options_padding_50 nd_options_box_sizing_border_box nd_options_text_align_center\">\n          <h3 class=\"nd_options_color_white\">BAR<\/h3>\n          <div class=\"nd_options_section nd_options_height_10\"><\/div>\n          <h6 class=\"nd_options_color_white\"><strong>WEINKELLER<\/strong><\/h6>\n        <\/div>\n      <\/div>\n\n    <\/div>\n  <\/div>\n  <!--END team-->\n<div style=\"background-color:;height: 10px\" class=\"nicdark_section  \"><\/div>[\/vc_column][\/vc_row][vc_row css=&#8220;.vc_custom_1492509935473{margin-top: 45px !important;}&#8220;][vc_column width=&#8220;1\/12&#8243; el_class=&#8220;nd_options_text_align_center&#8220;][\/vc_column][vc_column width=&#8220;5\/12&#8243;]<div style=\"background-color:;height: 25px\" class=\"nicdark_section  \"><\/div>\n\n    <div class=\"nd_options_section nd_options_position_relative \">\n\n        <img decoding=\"async\" style=\"top:10px\" alt=\"\" class=\"nd_options_position_absolute nd_options_left_0\" width=\"50\" src=\"https:\/\/www.stelladellealpi.it\/SDA2020\/wp-content\/uploads\/2017\/07\/icon-13.png\">\n\n        <div style=\"padding-left:70px\" class=\"nd_options_section nd_options_box_sizing_border_box\">\n            \n             \n            <p class=\"nd_options_second_font  \" style=\"margin:0px 0px 15px 0px;color:#a3a3a3;font-size:14px;line-height:24px\">Die gem\u00fctliche BAR wartet darauf, Ihnen eine freundliche Atmosph\u00e4re zu bieten, f\u00fcr eine Partie Billard, einen Drink mit Freunden oder zum Entspannen bei einem Film oder einem guten Buch.<\/p> \n            <a class=\"nd_options_second_font nd_options_display_inline_block \" style=\"font-size:11px;line-height:11px;border-radius:0px;border:1px solid #f1f1f1;background-color:#ffffff;padding:8px 12px;color:#a3a3a3\" rel=\"\" href=\"http:\/\/www.stelladellealpi.it\/SDA2020\/servizi\/\">BAR<\/a>\n\n        <\/div>\n\n    <\/div>\n\n  <div style=\"background-color:;height: 50px\" class=\"nicdark_section  \"><\/div>\n\n    <div class=\"nd_options_section nd_options_position_relative \">\n\n        <img decoding=\"async\" style=\"top:10px\" alt=\"\" class=\"nd_options_position_absolute nd_options_left_0\" width=\"50\" src=\"https:\/\/www.stelladellealpi.it\/SDA2020\/wp-content\/uploads\/2017\/07\/icon-12-1.png\">\n\n        <div style=\"padding-left:70px\" class=\"nd_options_section nd_options_box_sizing_border_box\">\n            \n             \n            <p class=\"nd_options_second_font  \" style=\"margin:0px 0px 15px 0px;color:#a3a3a3;font-size:14px;line-height:24px\">Das Hotel ist mit kostenlosem WiFi f\u00fcr alle Kunden sowohl in Gemeinschaftsbereichen wie BAR und Restaurant als auch in allen Zimmern ausgestattet.<\/p> \n            <a class=\"nd_options_second_font nd_options_display_inline_block \" style=\"font-size:11px;line-height:11px;border-radius:0px;border:1px solid #f1f1f1;background-color:#ffffff;padding:8px 12px;color:#a3a3a3\" rel=\"\" href=\"http:\/\/www.stelladellealpi.it\/SDA2020\/servizi\/\">WIFI<\/a>\n\n        <\/div>\n\n    <\/div>\n\n  <div style=\"background-color:;height: 25px\" class=\"nicdark_section  \"><\/div>[\/vc_column][vc_column width=&#8220;5\/12&#8243;]<div style=\"background-color:;height: 25px\" class=\"nicdark_section  \"><\/div>\n\n    <div class=\"nd_options_section nd_options_position_relative \">\n\n        <img decoding=\"async\" style=\"top:10px\" alt=\"\" class=\"nd_options_position_absolute nd_options_left_0\" width=\"50\" src=\"https:\/\/www.stelladellealpi.it\/SDA2020\/wp-content\/uploads\/2017\/07\/icon-11.png\">\n\n        <div style=\"padding-left:70px\" class=\"nd_options_section nd_options_box_sizing_border_box\">\n            \n             \n            <p class=\"nd_options_second_font  \" style=\"margin:0px 0px 15px 0px;color:#a3a3a3;font-size:14px;line-height:24px\">Mieten Sie sich ein Mountainbike und nehmen Sie den Radweg Alta Val di Non, der Ihnen zwischen den D\u00f6rfern Melinda melari und Anauni wunderbare Ausblicke auf die Brentadolomiten bietet.<\/p> \n            <a class=\"nd_options_second_font nd_options_display_inline_block \" style=\"font-size:11px;line-height:11px;border-radius:0px;border:1px solid #f1f1f1;background-color:#ffffff;padding:8px 12px;color:#a3a3a3\" rel=\"\" href=\"http:\/\/www.stelladellealpi.it\/SDA2020\/servizi\/\">FAHRRADVERLEIH<\/a>\n\n        <\/div>\n\n    <\/div>\n\n  <div style=\"background-color:;height: 50px\" class=\"nicdark_section  \"><\/div>\n\n    <div class=\"nd_options_section nd_options_position_relative \">\n\n        <img decoding=\"async\" style=\"top:10px\" alt=\"\" class=\"nd_options_position_absolute nd_options_left_0\" width=\"50\" src=\"https:\/\/www.stelladellealpi.it\/SDA2020\/wp-content\/uploads\/2017\/07\/icon-14-1.png\">\n\n        <div style=\"padding-left:70px\" class=\"nd_options_section nd_options_box_sizing_border_box\">\n            \n             \n            <p class=\"nd_options_second_font  \" style=\"margin:0px 0px 15px 0px;color:#a3a3a3;font-size:14px;line-height:24px\">Wellness Center und SPA werden Ihnen Entspannung und Verw\u00f6hnung bieten, wenn Sie von Ihren Abenteuern in der Natur oder der Entdeckung von Museen, Schl\u00f6ssern und Heiligt\u00fcmern von Anaunia zur\u00fcckkehren.<\/p> \n            <a class=\"nd_options_second_font nd_options_display_inline_block \" style=\"font-size:11px;line-height:11px;border-radius:0px;border:1px solid #f1f1f1;background-color:#ffffff;padding:8px 12px;color:#a3a3a3\" rel=\"\" href=\"http:\/\/www.stelladellealpi.it\/SDA2020\/servizi\/\">SCHWIMMBAD<\/a>\n\n        <\/div>\n\n    <\/div>\n\n  <div style=\"background-color:;height: 25px\" class=\"nicdark_section  \"><\/div>[\/vc_column][vc_column width=&#8220;1\/12&#8243;][\/vc_column][\/vc_row][vc_row css=&#8220;.vc_custom_1492511016596{margin-top: 40px !important;margin-bottom: 20px !important;}&#8220;][vc_column el_class=&#8220;nd_options_text_align_center&#8220;]\n\t<div class=\"nd_options_section nd_options_text_align_center\">\n\t<a style=\"border: px solid;border-radius:px;letter-spacing:2px;line-height:11px;font-size:11px;background-color:#78635a;padding:15px 35px;margin:;color:#ffffff\" rel=\"\" href=\"http:\/\/www.stelladellealpi.it\/SDA2020\/servizi\/\" class=\"nicdark_display_inline_block  nd_options_font_weight_bold nd_options_second_font  \">DIENSTLEISTUNGEN<\/a>\n\t<\/div>\n[\/vc_column][\/vc_row]<\/p>\n","protected":false},"excerpt":{"rendered":"<p>[vc_row][vc_column width=&#8220;6\/12&#8243; css=&#8220;.vc_custom_1467360650255{margin-top: 10px !important;margin-bottom: 10px !important;padding-top: 0px !important;padding-right: 40px !important;}&#8220;][\/vc_column][vc_column width=&#8220;3\/12&#8243; css=&#8220;.vc_custom_1467207292391{margin-top: 10px !important;margin-bottom: 10px !important;padding-top: 0px !important;}&#8220;][vc_column_text el_class=&#8220;nd_options_text_align_center_responsive&#8220;]Der Mendelstra\u00dfe entlang wurde 1913 das Hotel Stella delle Alpi errichtet, die bereits Wien mit Mailand verband. Der Mendelpass war damals ein ber\u00fchmter Gesundheits- und Rastplatz, der sogar von K\u00f6nigsh\u00e4usern der \u00f6sterreichisch-ungarischen Monarchie frequentiert wurde.[\/vc_column_text][vc_column_text el_class=&#8220;nd_options_text_align_center_responsive&#8220;]In [&hellip;]<\/p>\n","protected":false},"author":1,"featured_media":0,"parent":0,"menu_order":0,"comment_status":"closed","ping_status":"closed","template":"","meta":{"footnotes":""},"class_list":["post-3169","page","type-page","status-publish","hentry"],"yoast_head":"<!-- This site is optimized with the Yoast SEO plugin v14.7 - https:\/\/yoast.com\/wordpress\/plugins\/seo\/ -->\r\n<title>LA STELLA - Stella delle Alpi<\/title>\r\n<meta name=\"robots\" content=\"index, follow\" \/>\r\n<meta name=\"googlebot\" content=\"index, follow, max-snippet:-1, max-image-preview:large, max-video-preview:-1\" \/>\r\n<meta name=\"bingbot\" content=\"index, follow, max-snippet:-1, max-image-preview:large, max-video-preview:-1\" \/>\r\n<link rel=\"canonical\" href=\"https:\/\/www.stelladellealpi.it\/SDA2020\/de\/la-stella-deu\/\" \/>\r\n<meta property=\"og:locale\" content=\"de_DE\" \/>\r\n<meta property=\"og:type\" content=\"article\" \/>\r\n<meta property=\"og:title\" content=\"LA STELLA - Stella delle Alpi\" \/>\r\n<meta property=\"og:description\" content=\"[vc_row][vc_column width=&#8220;6\/12&#8243; css=&#8220;.vc_custom_1467360650255{margin-top: 10px !important;margin-bottom: 10px !important;padding-top: 0px !important;padding-right: 40px !important;}&#8220;][\/vc_column][vc_column width=&#8220;3\/12&#8243; css=&#8220;.vc_custom_1467207292391{margin-top: 10px !important;margin-bottom: 10px !important;padding-top: 0px !important;}&#8220;][vc_column_text el_class=&#8220;nd_options_text_align_center_responsive&#8220;]Der Mendelstra\u00dfe entlang wurde 1913 das Hotel Stella delle Alpi errichtet, die bereits Wien mit Mailand verband. Der Mendelpass war damals ein ber\u00fchmter Gesundheits- und Rastplatz, der sogar von K\u00f6nigsh\u00e4usern der \u00f6sterreichisch-ungarischen Monarchie frequentiert wurde.[\/vc_column_text][vc_column_text el_class=&#8220;nd_options_text_align_center_responsive&#8220;]In [&hellip;]\" \/>\r\n<meta property=\"og:url\" content=\"https:\/\/www.stelladellealpi.it\/SDA2020\/de\/la-stella-deu\/\" \/>\r\n<meta property=\"og:site_name\" content=\"Stella delle Alpi\" \/>\r\n<meta property=\"article:publisher\" content=\"https:\/\/www.facebook.com\/stelladellealpi\/\" \/>\r\n<meta property=\"article:modified_time\" content=\"2020-05-11T15:34:29+00:00\" \/>\r\n<meta name=\"twitter:card\" content=\"summary_large_image\" \/>\r\n<meta name=\"twitter:creator\" content=\"@stelladellealpi\" \/>\r\n<meta name=\"twitter:site\" content=\"@stelladellealpi\" \/>\r\n<script type=\"application\/ld+json\" class=\"yoast-schema-graph\">{\"@context\":\"https:\/\/schema.org\",\"@graph\":[{\"@type\":\"Organization\",\"@id\":\"https:\/\/www.stelladellealpi.it\/SDA2020\/de\/#organization\",\"name\":\"Hotel Stella delle Alpi\",\"url\":\"https:\/\/www.stelladellealpi.it\/SDA2020\/de\/\",\"sameAs\":[\"https:\/\/www.facebook.com\/stelladellealpi\/\",\"https:\/\/www.instagram.com\/stelladellealpi\/\",\"https:\/\/www.youtube.com\/user\/hotelstelladellealpi\",\"https:\/\/twitter.com\/stelladellealpi\"],\"logo\":{\"@type\":\"ImageObject\",\"@id\":\"https:\/\/www.stelladellealpi.it\/SDA2020\/de\/#logo\",\"inLanguage\":\"de\",\"url\":\"https:\/\/www.stelladellealpi.it\/SDA2020\/wp-content\/uploads\/2019\/11\/logo-1.png\",\"width\":438,\"height\":171,\"caption\":\"Hotel Stella delle Alpi\"},\"image\":{\"@id\":\"https:\/\/www.stelladellealpi.it\/SDA2020\/de\/#logo\"}},{\"@type\":\"WebSite\",\"@id\":\"https:\/\/www.stelladellealpi.it\/SDA2020\/de\/#website\",\"url\":\"https:\/\/www.stelladellealpi.it\/SDA2020\/de\/\",\"name\":\"Stella delle Alpi\",\"description\":\"Hotel Stella delle Alpi Wellness &amp; Resort\",\"publisher\":{\"@id\":\"https:\/\/www.stelladellealpi.it\/SDA2020\/de\/#organization\"},\"potentialAction\":[{\"@type\":\"SearchAction\",\"target\":\"https:\/\/www.stelladellealpi.it\/SDA2020\/de\/?s={search_term_string}\",\"query-input\":\"required name=search_term_string\"}],\"inLanguage\":\"de\"},{\"@type\":\"WebPage\",\"@id\":\"https:\/\/www.stelladellealpi.it\/SDA2020\/de\/la-stella-deu\/#webpage\",\"url\":\"https:\/\/www.stelladellealpi.it\/SDA2020\/de\/la-stella-deu\/\",\"name\":\"LA STELLA - Stella delle Alpi\",\"isPartOf\":{\"@id\":\"https:\/\/www.stelladellealpi.it\/SDA2020\/de\/#website\"},\"datePublished\":\"2020-05-11T13:25:44+00:00\",\"dateModified\":\"2020-05-11T15:34:29+00:00\",\"inLanguage\":\"de\",\"potentialAction\":[{\"@type\":\"ReadAction\",\"target\":[\"https:\/\/www.stelladellealpi.it\/SDA2020\/de\/la-stella-deu\/\"]}]}]}<\/script>\r\n<!-- \/ Yoast SEO plugin. -->","_links":{"self":[{"href":"https:\/\/www.stelladellealpi.it\/SDA2020\/de\/wp-json\/wp\/v2\/pages\/3169","targetHints":{"allow":["GET"]}}],"collection":[{"href":"https:\/\/www.stelladellealpi.it\/SDA2020\/de\/wp-json\/wp\/v2\/pages"}],"about":[{"href":"https:\/\/www.stelladellealpi.it\/SDA2020\/de\/wp-json\/wp\/v2\/types\/page"}],"author":[{"embeddable":true,"href":"https:\/\/www.stelladellealpi.it\/SDA2020\/de\/wp-json\/wp\/v2\/users\/1"}],"replies":[{"embeddable":true,"href":"https:\/\/www.stelladellealpi.it\/SDA2020\/de\/wp-json\/wp\/v2\/comments?post=3169"}],"version-history":[{"count":5,"href":"https:\/\/www.stelladellealpi.it\/SDA2020\/de\/wp-json\/wp\/v2\/pages\/3169\/revisions"}],"predecessor-version":[{"id":3227,"href":"https:\/\/www.stelladellealpi.it\/SDA2020\/de\/wp-json\/wp\/v2\/pages\/3169\/revisions\/3227"}],"wp:attachment":[{"href":"https:\/\/www.stelladellealpi.it\/SDA2020\/de\/wp-json\/wp\/v2\/media?parent=3169"}],"curies":[{"name":"wp","href":"https:\/\/api.w.org\/{rel}","templated":true}]}}