{"id":3936,"date":"2020-05-23T09:40:46","date_gmt":"2020-05-23T09:40:46","guid":{"rendered":"http:\/\/www.stelladellealpi.it\/SDA2020\/pic-nic-deu\/"},"modified":"2020-05-24T21:52:07","modified_gmt":"2020-05-24T21:52:07","slug":"pic-nic-deu","status":"publish","type":"page","link":"https:\/\/www.stelladellealpi.it\/SDA2020\/de\/pic-nic-deu\/","title":{"rendered":"Pick Nick"},"content":{"rendered":"<p>[vc_row full_width=&#8220;stretch_row&#8220; css=&#8220;.vc_custom_1590159637026{margin-top: 50px !important;margin-bottom: 50px !important;padding-bottom: 0px !important;}&#8220;][vc_column] <h6 style=\"color:#a3a3a3;padding:px;text-align:center;font-size:12px;line-height:12px;letter-spacing: 2px;font-weight:lighter\" class=\"   nd_options_second_font \">LUNCHPAKET ODER SNACK<\/h6> <div style=\"background-color:;height: 10px\" class=\"nicdark_section  \"><\/div>\n    <div class=\"nd_options_section nd_options_line_height_0  nd_options_text_align_center \">\n        <span style=\"height:1px;width:30px;background-color:#f1f1f1\" class=\"nd_options_display_inline_block\"><\/span>\n    <\/div>\n   <div style=\"background-color:;height: 30px\" class=\"nicdark_section  \"><\/div> <h1 style=\"color:;padding:px;text-align:center;font-size:55px;line-height:px;letter-spacing: px;font-weight:normal\" class=\"  nd_options_font_size_40_important_all_iphone nd_options_line_height_40_important_all_iphone nd_options_first_font \">K\u00d6RBEMENU<\/h1> <div style=\"background-color:;height: 35px\" class=\"nicdark_section  \"><\/div>[\/vc_column][\/vc_row][vc_row css=&#8220;.vc_custom_1590159812713{margin-bottom: 50px !important;}&#8220;][vc_column width=&#8220;1\/3&#8243;]\n\n\n  <!--START PRICE-->\n  <div class=\"nd_options_section \">\n                                        \n    \n    <!--START image--> \n    <div class=\"nd_options_section nd_options_box_sizing_border_box\">\n\n        <div class=\"nd_options_section nd_options_position_relative\">\n                \n            <img decoding=\"async\" alt=\"\" class=\"nd_options_section\" src=\"https:\/\/www.stelladellealpi.it\/SDA2020\/wp-content\/uploads\/2020\/05\/kate-hliznitsova-q9q6XOe4Sy0-unsplash-1024x762.jpg\">\n\n            <div class=\"nd_options_bg_greydark_alpha_gradient_3 nd_options_position_absolute nd_options_left_0 nd_options_height_100_percentage nd_options_width_100_percentage nd_options_box_sizing_border_box\">\n                \n                <div class=\"nd_options_position_absolute nd_options_bottom_30 nd_options_width_100_percentage nd_options_padding_botttom_0 nd_options_padding_50 nd_options_box_sizing_border_box nd_options_text_align_center\">\n                    <h3 class=\"nd_options_color_white nd_options_margin_0_important\"><strong>STELLA KORB<\/strong><\/h3>\n                    <div class=\"nd_options_section nd_options_height_10\"><\/div>\n                    <div class=\"nd_options_section nd_options_height_10 nd_options_display_none_all_iphone\"><\/div>\n                    <h1 class=\"nd_options_color_white nd_options_margin_0_important nd_options_font_size_60 nd_options_font_size_40_all_iphone nd_options_line_height_40_all_iphone\"><strong>15 \u20ac<\/strong><\/h1>\n                <\/div>\n\n            <\/div>\n\n        <\/div>\n          \n    <\/div>\n    <!--END image-->\n\n\n    <!--START content--> \n    <div class=\"nd_options_section nd_options_border_1_solid_grey\">\n        <div class=\"nd_options_section nd_options_padding_20 nd_options_box_sizing_border_box\">\n            \n            Erster Kurs Ihrer Wahl:<\/p>\n<ul>\n<li>Reissalat<\/li>\n<li>Speck- und Raketenfeuer<\/li>\n<li>Quiche Lorraine mit Radiccio und K\u00e4se<\/li>\n<\/ul>\n<p>Zweiter Kurs Ihrer Wahl:<\/p>\n<ul>\n<li>Gebackene Fleischb\u00e4llchen<\/li>\n<li>Gem\u00fcsefrikadellen paniert<\/li>\n<li>Englisches Roastbeef<\/li>\n<\/ul>\n<p>mit einer Beilage aus gegrilltem Gem\u00fcse oder Pommes und pochiertem Apfel zum Dessert!\n\n            <div class=\"nd_options_section nd_options_height_20\"><\/div>\n\n            <div class=\"nd_options_width_100_percentage  nd_options_box_sizing_border_box nd_options_float_left\">\n                <a rel=\"\" target=\"\" style=\"background-color:#78635a\" class=\"nd_options_display_inline_block nd_options_text_align_center nd_options_box_sizing_border_box nd_options_width_100_percentage nd_options_color_white nd_options_padding_10_20 nd_options_border_radius_3 \" href=\"\"><\/a>   \n            <\/div>\n\n        <\/div>\n        \n    <\/div>\n    <!--END content--> \n\n\n\n  <\/div>\n  <!--END PRICE-->\n\n\n   [\/vc_column][vc_column width=&#8220;1\/3&#8243;]\n\n\n  <!--START PRICE-->\n  <div class=\"nd_options_section \">\n                                        \n    \n    <!--START image--> \n    <div class=\"nd_options_section nd_options_box_sizing_border_box\">\n\n        <div class=\"nd_options_section nd_options_position_relative\">\n                \n            <img decoding=\"async\" alt=\"\" class=\"nd_options_section\" src=\"https:\/\/www.stelladellealpi.it\/SDA2020\/wp-content\/uploads\/2020\/05\/kate-hliznitsova-q9q6XOe4Sy0-unsplash-1024x762.jpg\">\n\n            <div class=\"nd_options_bg_greydark_alpha_gradient_3 nd_options_position_absolute nd_options_left_0 nd_options_height_100_percentage nd_options_width_100_percentage nd_options_box_sizing_border_box\">\n                \n                <div class=\"nd_options_position_absolute nd_options_bottom_30 nd_options_width_100_percentage nd_options_padding_botttom_0 nd_options_padding_50 nd_options_box_sizing_border_box nd_options_text_align_center\">\n                    <h3 class=\"nd_options_color_white nd_options_margin_0_important\"><strong>NONESO KORB<\/strong><\/h3>\n                    <div class=\"nd_options_section nd_options_height_10\"><\/div>\n                    <div class=\"nd_options_section nd_options_height_10 nd_options_display_none_all_iphone\"><\/div>\n                    <h1 class=\"nd_options_color_white nd_options_margin_0_important nd_options_font_size_60 nd_options_font_size_40_all_iphone nd_options_line_height_40_all_iphone\"><strong>25 \u20ac<\/strong><\/h1>\n                <\/div>\n\n            <\/div>\n\n        <\/div>\n          \n    <\/div>\n    <!--END image-->\n\n\n    <!--START content--> \n    <div class=\"nd_options_section nd_options_border_1_solid_grey\">\n        <div class=\"nd_options_section nd_options_padding_20 nd_options_box_sizing_border_box\">\n            \n            Der Noneso-Korb ist eine Auswahl der besten Produkte, die von lokalen Herstellern geliefert und frisch f\u00fcr Ihr Mittagessen oder Ihren Snack im Freien serviert werden.<\/p>\n<ul>\n<li>Tortelli von Kartoffeln<\/li>\n<li>Mortandela und Monteson K\u00e4se<\/li>\n<li>Carne Salada carpacciata mit Borlotti Bohnen<\/li>\n<li>Apfelstrudel<\/li>\n<\/ul>\n<p>T\u00e4glich verf\u00fcgbare Produkte von lokalen Produzenten k\u00f6nnen in die Auswahl aufgenommen werden.\n\n            <div class=\"nd_options_section nd_options_height_20\"><\/div>\n\n            <div class=\"nd_options_width_100_percentage  nd_options_box_sizing_border_box nd_options_float_left\">\n                <a rel=\"\" target=\"\" style=\"background-color:#78635a\" class=\"nd_options_display_inline_block nd_options_text_align_center nd_options_box_sizing_border_box nd_options_width_100_percentage nd_options_color_white nd_options_padding_10_20 nd_options_border_radius_3 \" href=\"\"><\/a>   \n            <\/div>\n\n        <\/div>\n        \n    <\/div>\n    <!--END content--> \n\n\n\n  <\/div>\n  <!--END PRICE-->\n\n\n   [\/vc_column][vc_column width=&#8220;1\/3&#8243;]\n\n\n  <!--START PRICE-->\n  <div class=\"nd_options_section \">\n                                        \n    \n    <!--START image--> \n    <div class=\"nd_options_section nd_options_box_sizing_border_box\">\n\n        <div class=\"nd_options_section nd_options_position_relative\">\n                \n            <img decoding=\"async\" alt=\"\" class=\"nd_options_section\" src=\"https:\/\/www.stelladellealpi.it\/SDA2020\/wp-content\/uploads\/2020\/05\/kate-hliznitsova-q9q6XOe4Sy0-unsplash-1024x762.jpg\">\n\n            <div class=\"nd_options_bg_greydark_alpha_gradient_3 nd_options_position_absolute nd_options_left_0 nd_options_height_100_percentage nd_options_width_100_percentage nd_options_box_sizing_border_box\">\n                \n                <div class=\"nd_options_position_absolute nd_options_bottom_30 nd_options_width_100_percentage nd_options_padding_botttom_0 nd_options_padding_50 nd_options_box_sizing_border_box nd_options_text_align_center\">\n                    <h3 class=\"nd_options_color_white nd_options_margin_0_important\"><strong>KINDER KORB<\/strong><\/h3>\n                    <div class=\"nd_options_section nd_options_height_10\"><\/div>\n                    <div class=\"nd_options_section nd_options_height_10 nd_options_display_none_all_iphone\"><\/div>\n                    <h1 class=\"nd_options_color_white nd_options_margin_0_important nd_options_font_size_60 nd_options_font_size_40_all_iphone nd_options_line_height_40_all_iphone\"><strong>10 \u20ac<\/strong><\/h1>\n                <\/div>\n\n            <\/div>\n\n        <\/div>\n          \n    <\/div>\n    <!--END image-->\n\n\n    <!--START content--> \n    <div class=\"nd_options_section nd_options_border_1_solid_grey\">\n        <div class=\"nd_options_section nd_options_padding_20 nd_options_box_sizing_border_box\">\n            \n            F\u00fcr unsere kleinen Bergfreunde haben wir zwei vollgepackte Men\u00fcs, die beide dazu gedacht sind, ihre Batterien wieder aufzuladen und sofort nach der harten Arbeit des Wanderns in den Bergen des Val di Non wieder zu spielen.<\/p>\n<p>Erste Wahl:<\/p>\n<ul>\n<li>Wienerschnitzel<\/li>\n<li>Pommes<\/li>\n<\/ul>\n<p>Zweite Wahl:<\/p>\n<ul>\n<li>Hamburger<\/li>\n<li>Pommes<\/li>\n<\/ul>\n<div class=\"nd_options_section nd_options_height_20\"><\/div>\n\n            <div class=\"nd_options_width_100_percentage  nd_options_box_sizing_border_box nd_options_float_left\">\n                <a rel=\"\" target=\"\" style=\"background-color:#78635a\" class=\"nd_options_display_inline_block nd_options_text_align_center nd_options_box_sizing_border_box nd_options_width_100_percentage nd_options_color_white nd_options_padding_10_20 nd_options_border_radius_3 \" href=\"\"><\/a>   \n            <\/div>\n\n        <\/div>\n        \n    <\/div>\n    <!--END content--> \n\n\n\n  <\/div>\n  <!--END PRICE-->\n\n\n   [\/vc_column][\/vc_row][vc_row full_width=&#8220;stretch_row&#8220; parallax=&#8220;content-moving&#8220; parallax_image=&#8220;3897&#8243; css=&#8220;.vc_custom_1590159158203{margin-top: 10px !important;padding-top: 100px !important;padding-bottom: 100px !important;}&#8220; el_id=&#8220;nd_options_booking_form&#8220; el_class=&#8220;nd_options_vc_parallax_filter_1_3&#8243;][vc_column width=&#8220;1\/4&#8243;][\/vc_column][vc_column width=&#8220;1\/2&#8243; css=&#8220;.vc_custom_1506416157260{padding-top: 60px !important;padding-right: 30px !important;padding-bottom: 30px !important;padding-left: 30px !important;background-color: #ffffff !important;}&#8220;] <h6 style=\"color:#a3a3a3;padding:px;text-align:center;font-size:12px;line-height:12px;letter-spacing: 2px;font-weight:lighter\" class=\"   nd_options_second_font \">``UNA COPERTA SUL PRATO``<\/h6> <div style=\"background-color:;height: 20px\" class=\"nicdark_section  \"><\/div> <h1 style=\"color:;padding:px;text-align:center;font-size:35px;line-height:35px;letter-spacing: px;font-weight:normal\" class=\"   nd_options_first_font \">Buchen Sie Ihren Korb<\/h1> <div style=\"background-color:;height: 30px\" class=\"nicdark_section  \"><\/div>\n\n    <!--start form-->\n    <div id=\"nd_options_shortcode_cf7_3914\" class=\"nd_options_section \">\n      \n      <div class=\"nd_options_section nd_options_box_sizing_border_box\">\n        \n<div class=\"wpcf7 no-js\" id=\"wpcf7-f3950-o1\" lang=\"de-DE\" dir=\"ltr\">\n<div class=\"screen-reader-response\"><p role=\"status\" aria-live=\"polite\" aria-atomic=\"true\"><\/p> <ul><\/ul><\/div>\n<form action=\"\/SDA2020\/de\/wp-json\/wp\/v2\/pages\/3936#wpcf7-f3950-o1\" method=\"post\" class=\"wpcf7-form init\" aria-label=\"Kontaktformular\" novalidate=\"novalidate\" data-status=\"init\">\n<div>\n<input type=\"hidden\" name=\"_wpcf7\" value=\"3950\" \/>\n<input type=\"hidden\" name=\"_wpcf7_version\" value=\"6.0.5\" \/>\n<input type=\"hidden\" name=\"_wpcf7_locale\" value=\"de_DE\" \/>\n<input type=\"hidden\" name=\"_wpcf7_unit_tag\" value=\"wpcf7-f3950-o1\" \/>\n<input type=\"hidden\" name=\"_wpcf7_container_post\" value=\"0\" \/>\n<input type=\"hidden\" name=\"_wpcf7_posted_data_hash\" value=\"\" \/>\n<input type=\"hidden\" name=\"_wpcf7_recaptcha_response\" value=\"\" \/>\n<\/div>\n<div class=\"nd_options_float_left nd_options_box_sizing_border_box nd_options_width_100_percentage_all_iphone_important nd_options_padding_0_right_important_all_iphone nd_options_padding_0_left_important_all_iphone \" style=\"padding: 0px 10px 15px 0px;width:100%\"><span class=\"wpcf7-form-control-wrap\" data-name=\"name-form\"><\/span><\/div><br \/>\n<div class=\"nd_options_float_left nd_options_box_sizing_border_box nd_options_width_100_percentage_all_iphone_important nd_options_padding_0_right_important_all_iphone nd_options_padding_0_left_important_all_iphone \" style=\"padding: 0px 10px 15px 0px;width:100%\"><span class=\"wpcf7-form-control-wrap\" data-name=\"tel\"><\/span><\/div><br \/>\n<div class=\"nd_options_float_left nd_options_box_sizing_border_box nd_options_width_100_percentage_all_iphone_important nd_options_padding_0_right_important_all_iphone nd_options_padding_0_left_important_all_iphone \" style=\"padding: 0px 10px 15px 0px;width:100%\"><span class=\"wpcf7-form-control-wrap\" data-name=\"email\"><\/span><\/div><br \/>\n<div class=\"nd_options_float_left nd_options_box_sizing_border_box nd_options_width_100_percentage_all_iphone_important nd_options_padding_0_right_important_all_iphone nd_options_padding_0_left_important_all_iphone \" style=\"padding: 0px 10px 15px 0px;width:100%\">\n<\/p>\n<p>Stella K\u00f6rbe :\n<\/p>\n<p><span class=\"wpcf7-form-control-wrap\" data-name=\"cstella\"><\/span><\/div><br \/>\n<div class=\"nd_options_float_left nd_options_box_sizing_border_box nd_options_width_100_percentage_all_iphone_important nd_options_padding_0_right_important_all_iphone nd_options_padding_0_left_important_all_iphone \" style=\"padding: 0px 10px 15px 0px;width:100%\">\n<\/p>\n<p>Nonesi K\u00f6rbe :\n<\/p>\n<p><span class=\"wpcf7-form-control-wrap\" data-name=\"cnonesi\"><\/span><\/div><br \/>\n<div class=\"nd_options_float_left nd_options_box_sizing_border_box nd_options_width_100_percentage_all_iphone_important nd_options_padding_0_right_important_all_iphone nd_options_padding_0_left_important_all_iphone \" style=\"padding: 0px 10px 15px 0px;width:100%\">\n<\/p>\n<p>Kinder K\u00f6rbe :\n<\/p>\n<p><span class=\"wpcf7-form-control-wrap\" data-name=\"cbimbi\"><\/span><\/div><br \/>\n<div class=\"nd_options_float_left nd_options_box_sizing_border_box nd_options_width_100_percentage_all_iphone_important nd_options_padding_0_right_important_all_iphone nd_options_padding_0_left_important_all_iphone \" style=\"padding: 0px 10px 15px 0px;width:100%\">\n<\/p>\n<p>Abholungsdatum :\n<\/p>\n<p><span class=\"wpcf7-form-control-wrap\" data-name=\"date\"><\/span><\/div><br \/>\n<div class=\"nd_options_float_left nd_options_box_sizing_border_box nd_options_width_100_percentage_all_iphone_important nd_options_padding_0_right_important_all_iphone nd_options_padding_0_left_important_all_iphone \" style=\"padding: 0px 10px 15px 0px;width:100%\">\n<\/p>\n<p>Abholungszeit :\n<\/p>\n<p><span class=\"wpcf7-form-control-wrap\" data-name=\"radio\"><span class=\"wpcf7-form-control wpcf7-radio\"><span class=\"wpcf7-list-item first\"><span class=\"wpcf7-list-item-label\">11:00<\/span><\/span><span class=\"wpcf7-list-item\"><span class=\"wpcf7-list-item-label\">12:00<\/span><\/span><span class=\"wpcf7-list-item last\"><span class=\"wpcf7-list-item-label\">15:00<\/span><\/span><\/span><\/span><\/div><br \/>\n<div class=\"nd_options_float_left nd_options_box_sizing_border_box nd_options_width_100_percentage_all_iphone_important nd_options_padding_0_right_important_all_iphone nd_options_padding_0_left_important_all_iphone \" style=\"padding: 0px 10px 15px 0px;width:100%\"><span class=\"wpcf7-form-control-wrap\" data-name=\"message\"><textarea cols=\"40\" rows=\"5\" class=\"wpcf7-form-control wpcf7-textarea nd_options_padding_10_20_important nd_options_margin_top_10 nd_options_font_weight_lighter\" name=\"message\"><\/textarea><\/span><\/div><br \/>\n<div class=\"nd_options_float_left nd_options_box_sizing_border_box nd_options_width_100_percentage_all_iphone_important nd_options_padding_0_right_important_all_iphone nd_options_padding_0_left_important_all_iphone \" style=\"padding: 0px 0px 0px 0px;width:100%\"><\/div><div class=\"wpcf7-response-output\" aria-hidden=\"true\"><\/div>\n<\/form>\n<\/div>\n \n      <\/div>  \n\n    <\/div>\n    <!--end form-->\n\n   [\/vc_column][vc_column width=&#8220;1\/4&#8243;][\/vc_column][\/vc_row]<\/p>\n","protected":false},"excerpt":{"rendered":"<p>[vc_row full_width=&#8220;stretch_row&#8220; css=&#8220;.vc_custom_1590159637026{margin-top: 50px !important;margin-bottom: 50px !important;padding-bottom: 0px !important;}&#8220;][vc_column][\/vc_column][\/vc_row][vc_row css=&#8220;.vc_custom_1590159812713{margin-bottom: 50px !important;}&#8220;][vc_column width=&#8220;1\/3&#8243;][\/vc_column][vc_column width=&#8220;1\/3&#8243;][\/vc_column][vc_column width=&#8220;1\/3&#8243;][\/vc_column][\/vc_row][vc_row full_width=&#8220;stretch_row&#8220; parallax=&#8220;content-moving&#8220; parallax_image=&#8220;3897&#8243; css=&#8220;.vc_custom_1590159158203{margin-top: 10px !important;padding-top: 100px !important;padding-bottom: 100px !important;}&#8220; el_id=&#8220;nd_options_booking_form&#8220; el_class=&#8220;nd_options_vc_parallax_filter_1_3&#8243;][vc_column width=&#8220;1\/4&#8243;][\/vc_column][vc_column width=&#8220;1\/2&#8243; css=&#8220;.vc_custom_1506416157260{padding-top: 60px !important;padding-right: 30px !important;padding-bottom: 30px !important;padding-left: 30px !important;background-color: #ffffff !important;}&#8220;][\/vc_column][vc_column width=&#8220;1\/4&#8243;][\/vc_column][\/vc_row]<\/p>\n","protected":false},"author":1,"featured_media":0,"parent":0,"menu_order":0,"comment_status":"closed","ping_status":"closed","template":"","meta":{"footnotes":""},"class_list":["post-3936","page","type-page","status-publish","hentry"],"yoast_head":"<!-- This site is optimized with the Yoast SEO plugin v14.7 - https:\/\/yoast.com\/wordpress\/plugins\/seo\/ -->\r\n<title>Pick Nick - Stella delle Alpi<\/title>\r\n<meta name=\"robots\" content=\"index, follow\" \/>\r\n<meta name=\"googlebot\" content=\"index, follow, max-snippet:-1, max-image-preview:large, max-video-preview:-1\" \/>\r\n<meta name=\"bingbot\" content=\"index, follow, max-snippet:-1, max-image-preview:large, max-video-preview:-1\" \/>\r\n<link rel=\"canonical\" href=\"https:\/\/www.stelladellealpi.it\/SDA2020\/de\/pic-nic-deu\/\" \/>\r\n<meta property=\"og:locale\" content=\"de_DE\" \/>\r\n<meta property=\"og:type\" content=\"article\" \/>\r\n<meta property=\"og:title\" content=\"Pick Nick - Stella delle Alpi\" \/>\r\n<meta property=\"og:description\" content=\"[vc_row full_width=&#8220;stretch_row&#8220; css=&#8220;.vc_custom_1590159637026{margin-top: 50px !important;margin-bottom: 50px !important;padding-bottom: 0px !important;}&#8220;][vc_column][\/vc_column][\/vc_row][vc_row css=&#8220;.vc_custom_1590159812713{margin-bottom: 50px !important;}&#8220;][vc_column width=&#8220;1\/3&#8243;][\/vc_column][vc_column width=&#8220;1\/3&#8243;][\/vc_column][vc_column width=&#8220;1\/3&#8243;][\/vc_column][\/vc_row][vc_row full_width=&#8220;stretch_row&#8220; parallax=&#8220;content-moving&#8220; parallax_image=&#8220;3897&#8243; css=&#8220;.vc_custom_1590159158203{margin-top: 10px !important;padding-top: 100px !important;padding-bottom: 100px !important;}&#8220; el_id=&#8220;nd_options_booking_form&#8220; el_class=&#8220;nd_options_vc_parallax_filter_1_3&#8243;][vc_column width=&#8220;1\/4&#8243;][\/vc_column][vc_column width=&#8220;1\/2&#8243; css=&#8220;.vc_custom_1506416157260{padding-top: 60px !important;padding-right: 30px !important;padding-bottom: 30px !important;padding-left: 30px !important;background-color: #ffffff !important;}&#8220;][\/vc_column][vc_column width=&#8220;1\/4&#8243;][\/vc_column][\/vc_row]\" \/>\r\n<meta property=\"og:url\" content=\"https:\/\/www.stelladellealpi.it\/SDA2020\/de\/pic-nic-deu\/\" \/>\r\n<meta property=\"og:site_name\" content=\"Stella delle Alpi\" \/>\r\n<meta property=\"article:publisher\" content=\"https:\/\/www.facebook.com\/stelladellealpi\/\" \/>\r\n<meta property=\"article:modified_time\" content=\"2020-05-24T21:52:07+00:00\" \/>\r\n<meta name=\"twitter:card\" content=\"summary_large_image\" \/>\r\n<meta name=\"twitter:creator\" content=\"@stelladellealpi\" \/>\r\n<meta name=\"twitter:site\" content=\"@stelladellealpi\" \/>\r\n<script type=\"application\/ld+json\" class=\"yoast-schema-graph\">{\"@context\":\"https:\/\/schema.org\",\"@graph\":[{\"@type\":\"Organization\",\"@id\":\"https:\/\/www.stelladellealpi.it\/SDA2020\/de\/#organization\",\"name\":\"Hotel Stella delle Alpi\",\"url\":\"https:\/\/www.stelladellealpi.it\/SDA2020\/de\/\",\"sameAs\":[\"https:\/\/www.facebook.com\/stelladellealpi\/\",\"https:\/\/www.instagram.com\/stelladellealpi\/\",\"https:\/\/www.youtube.com\/user\/hotelstelladellealpi\",\"https:\/\/twitter.com\/stelladellealpi\"],\"logo\":{\"@type\":\"ImageObject\",\"@id\":\"https:\/\/www.stelladellealpi.it\/SDA2020\/de\/#logo\",\"inLanguage\":\"de\",\"url\":\"https:\/\/www.stelladellealpi.it\/SDA2020\/wp-content\/uploads\/2019\/11\/logo-1.png\",\"width\":438,\"height\":171,\"caption\":\"Hotel Stella delle Alpi\"},\"image\":{\"@id\":\"https:\/\/www.stelladellealpi.it\/SDA2020\/de\/#logo\"}},{\"@type\":\"WebSite\",\"@id\":\"https:\/\/www.stelladellealpi.it\/SDA2020\/de\/#website\",\"url\":\"https:\/\/www.stelladellealpi.it\/SDA2020\/de\/\",\"name\":\"Stella delle Alpi\",\"description\":\"Hotel Stella delle Alpi Wellness &amp; Resort\",\"publisher\":{\"@id\":\"https:\/\/www.stelladellealpi.it\/SDA2020\/de\/#organization\"},\"potentialAction\":[{\"@type\":\"SearchAction\",\"target\":\"https:\/\/www.stelladellealpi.it\/SDA2020\/de\/?s={search_term_string}\",\"query-input\":\"required name=search_term_string\"}],\"inLanguage\":\"de\"},{\"@type\":\"WebPage\",\"@id\":\"https:\/\/www.stelladellealpi.it\/SDA2020\/de\/pic-nic-deu\/#webpage\",\"url\":\"https:\/\/www.stelladellealpi.it\/SDA2020\/de\/pic-nic-deu\/\",\"name\":\"Pick Nick - Stella delle Alpi\",\"isPartOf\":{\"@id\":\"https:\/\/www.stelladellealpi.it\/SDA2020\/de\/#website\"},\"datePublished\":\"2020-05-23T09:40:46+00:00\",\"dateModified\":\"2020-05-24T21:52:07+00:00\",\"inLanguage\":\"de\",\"potentialAction\":[{\"@type\":\"ReadAction\",\"target\":[\"https:\/\/www.stelladellealpi.it\/SDA2020\/de\/pic-nic-deu\/\"]}]}]}<\/script>\r\n<!-- \/ Yoast SEO plugin. -->","_links":{"self":[{"href":"https:\/\/www.stelladellealpi.it\/SDA2020\/de\/wp-json\/wp\/v2\/pages\/3936","targetHints":{"allow":["GET"]}}],"collection":[{"href":"https:\/\/www.stelladellealpi.it\/SDA2020\/de\/wp-json\/wp\/v2\/pages"}],"about":[{"href":"https:\/\/www.stelladellealpi.it\/SDA2020\/de\/wp-json\/wp\/v2\/types\/page"}],"author":[{"embeddable":true,"href":"https:\/\/www.stelladellealpi.it\/SDA2020\/de\/wp-json\/wp\/v2\/users\/1"}],"replies":[{"embeddable":true,"href":"https:\/\/www.stelladellealpi.it\/SDA2020\/de\/wp-json\/wp\/v2\/comments?post=3936"}],"version-history":[{"count":5,"href":"https:\/\/www.stelladellealpi.it\/SDA2020\/de\/wp-json\/wp\/v2\/pages\/3936\/revisions"}],"predecessor-version":[{"id":4082,"href":"https:\/\/www.stelladellealpi.it\/SDA2020\/de\/wp-json\/wp\/v2\/pages\/3936\/revisions\/4082"}],"wp:attachment":[{"href":"https:\/\/www.stelladellealpi.it\/SDA2020\/de\/wp-json\/wp\/v2\/media?parent=3936"}],"curies":[{"name":"wp","href":"https:\/\/api.w.org\/{rel}","templated":true}]}}